{"id":52,"date":"2018-05-15T09:34:28","date_gmt":"2018-05-15T07:34:28","guid":{"rendered":"http:\/\/domaine-effetmer.com\/?page_id=52"},"modified":"2019-09-03T14:15:28","modified_gmt":"2019-09-03T12:15:28","slug":"duplex-kaz-a-lulu","status":"publish","type":"page","link":"https:\/\/domaine-effetmer.com\/index.php\/nos-logements\/duplex-kaz-a-lulu\/","title":{"rendered":"Duplex- Kaz a Lulu"},"content":{"rendered":"\t\t<div data-elementor-type=\"wp-post\" data-elementor-id=\"52\" class=\"elementor elementor-52\">\n\t\t\t\t\t\t\t\t\t<section class=\"elementor-section elementor-top-section elementor-element elementor-element-0bb6b52 elementor-section-boxed elementor-section-height-default elementor-section-height-default\" data-id=\"0bb6b52\" data-element_type=\"section\">\n\t\t\t\t\t\t<div class=\"elementor-container elementor-column-gap-default\">\n\t\t\t\t\t<div class=\"elementor-column elementor-col-100 elementor-top-column elementor-element elementor-element-080eda5\" data-id=\"080eda5\" data-element_type=\"column\">\n\t\t\t<div class=\"elementor-widget-wrap elementor-element-populated\">\n\t\t\t\t\t\t\t\t<div class=\"elementor-element elementor-element-dfe952e elementor-widget elementor-widget-text-editor\" data-id=\"dfe952e\" data-element_type=\"widget\" data-widget_type=\"text-editor.default\">\n\t\t\t\t<div class=\"elementor-widget-container\">\n\t\t\t\t\t\t\t<p><strong>Charmant duplex<\/strong> attenant \u00e0 la maison, totalement<strong> ind\u00e9pendant.<\/strong><\/p><p>De la <strong>terrasse<\/strong> situ\u00e9e \u00e0 l&#8217;\u00e9tage, s\u00fbrement<strong> une des plus belle vue de Marie Galante<\/strong>.<\/p><p>Au rez de jardin, une <strong>jolie case<\/strong> de 26m\u00b2; ses trois grands volets basculants ouvrent sur le jardin avec sa <strong>magnifique vue sur le lagon<\/strong>; une <strong>cuisine \u00e9quip\u00e9e<\/strong> (ustensiles de cuisine, vaisselle), coin repas, canap\u00e9, brasseur d&#8217;air.<br \/>Une <strong>grande douche<\/strong> \u00e0 l&#8217;Italienne en bois dedans\/dehors, un cabinet de toilette, WC s\u00e9par\u00e9.<br \/>Un \u00e9tage uniquement pour la <strong>chambre<\/strong>, sa belle charpente traditionnelle, lui conf\u00e8re un <strong>charme ind\u00e9niable<\/strong>.<br \/>Un lit pour deux personnes, une banquette, divers rangements, moustiquaire, ventilateur&#8230;<\/p><p>Pour un plus de nature, deux ouvertures,<strong> face \u00e0 la mer<\/strong> un grand panoramique \u00e0 jalousies pour r\u00e9gler la ventilation et la lumi\u00e8re; une porte \u00e0 lames orientables \u00e9galement, ouvre sur un <strong>superbe balcon priv\u00e9<\/strong>, l&#8217;endroit id\u00e9al pour profiter d&#8217;une tr\u00e8s vaste vue\/mer\/l&#8217;\u00eele de La Dominique\/les jardins\/la nature&#8230;<br \/><strong>Un v\u00e9ritable havre de paix.<\/strong><\/p>\t\t\t\t\t\t<\/div>\n\t\t\t\t<\/div>\n\t\t\t\t<section class=\"elementor-section elementor-inner-section elementor-element elementor-element-2000a5aa elementor-section-boxed elementor-section-height-default elementor-section-height-default\" data-id=\"2000a5aa\" data-element_type=\"section\">\n\t\t\t\t\t\t<div class=\"elementor-container elementor-column-gap-wider\">\n\t\t\t\t\t<div class=\"elementor-column elementor-col-25 elementor-inner-column elementor-element elementor-element-325cf3ec\" data-id=\"325cf3ec\" data-element_type=\"column\">\n\t\t\t<div class=\"elementor-widget-wrap elementor-element-populated\">\n\t\t\t\t\t\t\t\t<div class=\"elementor-element elementor-element-1a7abda elementor-view-stacked elementor-shape-circle elementor-position-top elementor-mobile-position-top elementor-widget elementor-widget-icon-box\" data-id=\"1a7abda\" data-element_type=\"widget\" data-widget_type=\"icon-box.default\">\n\t\t\t\t<div class=\"elementor-widget-container\">\n\t\t\t\t\t<div class=\"elementor-icon-box-wrapper\">\n\t\t\t\t\t\t<div class=\"elementor-icon-box-icon\">\n\t\t\t\t<span class=\"elementor-icon elementor-animation-grow\" >\n\t\t\t\t<i class=\"fa fa-bed\" aria-hidden=\"true\"><\/i>\t\t\t\t<\/span>\n\t\t\t<\/div>\n\t\t\t\t\t\t<div class=\"elementor-icon-box-content\">\n\t\t\t\t<h3 class=\"elementor-icon-box-title\">\n\t\t\t\t\t<span  >\n\t\t\t\t\t\t<span style=\"font-family: Raleway, sans-serif; font-size: 26px; font-style: normal;\">Couchage<\/span>\t\t\t\t\t<\/span>\n\t\t\t\t<\/h3>\n\t\t\t\t\t\t\t\t\t<p class=\"elementor-icon-box-description\">\n\t\t\t\t\t\t<span style=\"font-family: Raleway, sans-serif; font-size: 16px; font-style: normal;\">2 \u00e0 3 personnes <\/span><br><span style=\"font-family: Raleway, sans-serif; font-size: 16px; font-style: normal;\">\nUn lit double <\/span><br><span style=\"font-family: Raleway, sans-serif; font-size: 16px; font-style: normal;\">\nUn lit simple <\/span><br><span style=\"font-family: Raleway, sans-serif; font-size: 16px; font-style: normal;\">\nLit b\u00e9b\u00e9 sur demande<\/span><span style=\"font-family: Raleway, sans-serif; font-size: 16px; font-style: normal;\"><\/span>\t\t\t\t\t<\/p>\n\t\t\t\t\t\t\t<\/div>\n\t\t<\/div>\n\t\t\t\t<\/div>\n\t\t\t\t<\/div>\n\t\t\t\t\t<\/div>\n\t\t<\/div>\n\t\t\t\t<div class=\"elementor-column elementor-col-25 elementor-inner-column elementor-element elementor-element-13ddc59\" data-id=\"13ddc59\" data-element_type=\"column\">\n\t\t\t<div class=\"elementor-widget-wrap elementor-element-populated\">\n\t\t\t\t\t\t\t\t<div class=\"elementor-element elementor-element-5160082 elementor-view-stacked elementor-shape-circle elementor-position-top elementor-mobile-position-top elementor-widget elementor-widget-icon-box\" data-id=\"5160082\" data-element_type=\"widget\" data-widget_type=\"icon-box.default\">\n\t\t\t\t<div class=\"elementor-widget-container\">\n\t\t\t\t\t<div class=\"elementor-icon-box-wrapper\">\n\t\t\t\t\t\t<div class=\"elementor-icon-box-icon\">\n\t\t\t\t<span class=\"elementor-icon elementor-animation-grow\" >\n\t\t\t\t<i class=\"fa fa-star\" aria-hidden=\"true\"><\/i>\t\t\t\t<\/span>\n\t\t\t<\/div>\n\t\t\t\t\t\t<div class=\"elementor-icon-box-content\">\n\t\t\t\t<h3 class=\"elementor-icon-box-title\">\n\t\t\t\t\t<span  >\n\t\t\t\t\t\tServices\t\t\t\t\t<\/span>\n\t\t\t\t<\/h3>\n\t\t\t\t\t\t\t\t\t<p class=\"elementor-icon-box-description\">\n\t\t\t\t\t\tDraps et linge de maison compris <br>\nMoustiquaires fournies pour chaque couchage\t\t\t\t\t<\/p>\n\t\t\t\t\t\t\t<\/div>\n\t\t<\/div>\n\t\t\t\t<\/div>\n\t\t\t\t<\/div>\n\t\t\t\t\t<\/div>\n\t\t<\/div>\n\t\t\t\t<div class=\"elementor-column elementor-col-25 elementor-inner-column elementor-element elementor-element-2a709b18\" data-id=\"2a709b18\" data-element_type=\"column\">\n\t\t\t<div class=\"elementor-widget-wrap elementor-element-populated\">\n\t\t\t\t\t\t\t\t<div class=\"elementor-element elementor-element-77a2e00 elementor-view-stacked elementor-shape-circle elementor-position-top elementor-mobile-position-top elementor-widget elementor-widget-icon-box\" data-id=\"77a2e00\" data-element_type=\"widget\" data-widget_type=\"icon-box.default\">\n\t\t\t\t<div class=\"elementor-widget-container\">\n\t\t\t\t\t<div class=\"elementor-icon-box-wrapper\">\n\t\t\t\t\t\t<div class=\"elementor-icon-box-icon\">\n\t\t\t\t<span class=\"elementor-icon elementor-animation-grow\" >\n\t\t\t\t<i class=\"fa fa-home\" aria-hidden=\"true\"><\/i>\t\t\t\t<\/span>\n\t\t\t<\/div>\n\t\t\t\t\t\t<div class=\"elementor-icon-box-content\">\n\t\t\t\t<h3 class=\"elementor-icon-box-title\">\n\t\t\t\t\t<span  >\n\t\t\t\t\t\tEquipement int\u00e9rieur\t\t\t\t\t<\/span>\n\t\t\t\t<\/h3>\n\t\t\t\t\t\t\t\t\t<p class=\"elementor-icon-box-description\">\n\t\t\t\t\t\tFour <br>\nMicro-onde <br>\nR\u00e9frig\u00e9rateur <br>\nCafeti\u00e8re <br>\nCong\u00e9lateur <br>\nPlaques de cuisson <br>\nConnexion Wifi <br>\nS\u00e8che-cheveux <br>\nVentilateur<br>\t\t\t\t\t<\/p>\n\t\t\t\t\t\t\t<\/div>\n\t\t<\/div>\n\t\t\t\t<\/div>\n\t\t\t\t<\/div>\n\t\t\t\t\t<\/div>\n\t\t<\/div>\n\t\t\t\t<div class=\"elementor-column elementor-col-25 elementor-inner-column elementor-element elementor-element-6b01c59\" data-id=\"6b01c59\" data-element_type=\"column\">\n\t\t\t<div class=\"elementor-widget-wrap elementor-element-populated\">\n\t\t\t\t\t\t\t\t<div class=\"elementor-element elementor-element-8b7c748 elementor-view-stacked elementor-shape-circle elementor-position-top elementor-mobile-position-top elementor-widget elementor-widget-icon-box\" data-id=\"8b7c748\" data-element_type=\"widget\" data-widget_type=\"icon-box.default\">\n\t\t\t\t<div class=\"elementor-widget-container\">\n\t\t\t\t\t<div class=\"elementor-icon-box-wrapper\">\n\t\t\t\t\t\t<div class=\"elementor-icon-box-icon\">\n\t\t\t\t<span class=\"elementor-icon elementor-animation-grow\" >\n\t\t\t\t<i class=\"fa fa-sun-o\" aria-hidden=\"true\"><\/i>\t\t\t\t<\/span>\n\t\t\t<\/div>\n\t\t\t\t\t\t<div class=\"elementor-icon-box-content\">\n\t\t\t\t<h3 class=\"elementor-icon-box-title\">\n\t\t\t\t\t<span  >\n\t\t\t\t\t\t<span style=\"font-family: Raleway, sans-serif; font-size: 26px; font-style: normal;\">Equipement ext\u00e9rieur<\/span>\t\t\t\t\t<\/span>\n\t\t\t\t<\/h3>\n\t\t\t\t\t\t\t\t\t<p class=\"elementor-icon-box-description\">\n\t\t\t\t\t\t<span style=\"font-family: Raleway, sans-serif; font-size: 16px; font-style: normal;\">Barbecue <\/span><br><span style=\"font-family: Raleway, sans-serif; font-size: 16px; font-style: normal;\">\nSalon de jardin <\/span><br><span style=\"font-family: Raleway, sans-serif; font-size: 16px; font-style: normal;\">\nTerrasse <\/span><br><span style=\"font-family: Raleway, sans-serif; font-size: 16px; font-style: normal;\">\nMer : \u00e0 1 km <\/span><br><span style=\"font-family: Raleway, sans-serif; font-size: 16px; font-style: normal;\">\nEntr\u00e9e priv\u00e9e<\/span><span style=\"font-family: Raleway, sans-serif; font-size: 16px; font-style: normal;\"><\/span><br>\t\t\t\t\t<\/p>\n\t\t\t\t\t\t\t<\/div>\n\t\t<\/div>\n\t\t\t\t<\/div>\n\t\t\t\t<\/div>\n\t\t\t\t\t<\/div>\n\t\t<\/div>\n\t\t\t\t\t\t\t<\/div>\n\t\t<\/section>\n\t\t\t\t\t<\/div>\n\t\t<\/div>\n\t\t\t\t\t\t\t<\/div>\n\t\t<\/section>\n\t\t\t\t<section class=\"elementor-section elementor-top-section elementor-element elementor-element-19d6fd6 elementor-section-boxed elementor-section-height-default elementor-section-height-default\" data-id=\"19d6fd6\" data-element_type=\"section\">\n\t\t\t\t\t\t<div class=\"elementor-container elementor-column-gap-default\">\n\t\t\t\t\t<div class=\"elementor-column elementor-col-100 elementor-top-column elementor-element elementor-element-1b0d478\" data-id=\"1b0d478\" data-element_type=\"column\">\n\t\t\t<div class=\"elementor-widget-wrap\">\n\t\t\t\t\t\t\t\t\t<\/div>\n\t\t<\/div>\n\t\t\t\t\t\t\t<\/div>\n\t\t<\/section>\n\t\t\t\t<section class=\"elementor-section elementor-top-section elementor-element elementor-element-27c5422 elementor-section-boxed elementor-section-height-default elementor-section-height-default\" data-id=\"27c5422\" data-element_type=\"section\">\n\t\t\t\t\t\t<div class=\"elementor-container elementor-column-gap-default\">\n\t\t\t\t\t<div class=\"elementor-column elementor-col-100 elementor-top-column elementor-element elementor-element-c504fc0\" data-id=\"c504fc0\" data-element_type=\"column\">\n\t\t\t<div class=\"elementor-widget-wrap elementor-element-populated\">\n\t\t\t\t\t\t\t\t<div class=\"elementor-element elementor-element-325124e elementor-arrows-position-inside elementor-pagination-position-outside elementor-widget elementor-widget-image-carousel\" data-id=\"325124e\" data-element_type=\"widget\" data-settings=\"{&quot;slides_to_show&quot;:&quot;1&quot;,&quot;navigation&quot;:&quot;both&quot;,&quot;autoplay&quot;:&quot;yes&quot;,&quot;pause_on_hover&quot;:&quot;yes&quot;,&quot;pause_on_interaction&quot;:&quot;yes&quot;,&quot;autoplay_speed&quot;:5000,&quot;infinite&quot;:&quot;yes&quot;,&quot;effect&quot;:&quot;slide&quot;,&quot;speed&quot;:500}\" data-widget_type=\"image-carousel.default\">\n\t\t\t\t<div class=\"elementor-widget-container\">\n\t\t\t\t\t<div class=\"elementor-image-carousel-wrapper swiper-container\" dir=\"ltr\">\n\t\t\t<div class=\"elementor-image-carousel swiper-wrapper\" aria-live=\"off\">\n\t\t\t\t\t\t\t\t<div class=\"swiper-slide\" role=\"group\" aria-roledescription=\"slide\" aria-label=\"1 of 9\"><figure class=\"swiper-slide-inner\"><img decoding=\"async\" class=\"swiper-slide-image\" src=\"https:\/\/domaine-effetmer.com\/wp-content\/uploads\/2019\/03\/vuemer_kazalulu-768x576.jpg\" alt=\"vuemer_kazalulu\" \/><\/figure><\/div><div class=\"swiper-slide\" role=\"group\" aria-roledescription=\"slide\" aria-label=\"2 of 9\"><figure class=\"swiper-slide-inner\"><img decoding=\"async\" class=\"swiper-slide-image\" src=\"https:\/\/domaine-effetmer.com\/wp-content\/uploads\/2019\/03\/terrasse_kazalulu-768x512.jpg\" alt=\"terrasse_kazalulu\" \/><\/figure><\/div><div class=\"swiper-slide\" role=\"group\" aria-roledescription=\"slide\" aria-label=\"3 of 9\"><figure class=\"swiper-slide-inner\"><img decoding=\"async\" class=\"swiper-slide-image\" src=\"https:\/\/domaine-effetmer.com\/wp-content\/uploads\/2019\/03\/salon_kazalulu-768x512.jpg\" alt=\"salon_kazalulu\" \/><\/figure><\/div><div class=\"swiper-slide\" role=\"group\" aria-roledescription=\"slide\" aria-label=\"4 of 9\"><figure class=\"swiper-slide-inner\"><img decoding=\"async\" class=\"swiper-slide-image\" src=\"https:\/\/domaine-effetmer.com\/wp-content\/uploads\/2019\/03\/cuisine_kazalulu-768x512.jpg\" alt=\"cuisine_kazalulu\" \/><\/figure><\/div><div class=\"swiper-slide\" role=\"group\" aria-roledescription=\"slide\" aria-label=\"5 of 9\"><figure class=\"swiper-slide-inner\"><img decoding=\"async\" class=\"swiper-slide-image\" src=\"https:\/\/domaine-effetmer.com\/wp-content\/uploads\/2019\/03\/pieceavivre_kazalulu-768x512.jpg\" alt=\"pieceavivre_kazalulu\" \/><\/figure><\/div><div class=\"swiper-slide\" role=\"group\" aria-roledescription=\"slide\" aria-label=\"6 of 9\"><figure class=\"swiper-slide-inner\"><img decoding=\"async\" class=\"swiper-slide-image\" src=\"https:\/\/domaine-effetmer.com\/wp-content\/uploads\/2019\/03\/chambre_kazalulu-768x512.jpg\" alt=\"chambre_kazalulu\" \/><\/figure><\/div><div class=\"swiper-slide\" role=\"group\" aria-roledescription=\"slide\" aria-label=\"7 of 9\"><figure class=\"swiper-slide-inner\"><img decoding=\"async\" class=\"swiper-slide-image\" src=\"https:\/\/domaine-effetmer.com\/wp-content\/uploads\/2019\/03\/chambrelitsimple_kazalulu-768x512.jpg\" alt=\"chambrelitsimple_kazalulu\" \/><\/figure><\/div><div class=\"swiper-slide\" role=\"group\" aria-roledescription=\"slide\" aria-label=\"8 of 9\"><figure class=\"swiper-slide-inner\"><img decoding=\"async\" class=\"swiper-slide-image\" src=\"https:\/\/domaine-effetmer.com\/wp-content\/uploads\/2019\/03\/kazalulu1-768x512.jpg\" alt=\"kazalulu1\" \/><\/figure><\/div><div class=\"swiper-slide\" role=\"group\" aria-roledescription=\"slide\" aria-label=\"9 of 9\"><figure class=\"swiper-slide-inner\"><img decoding=\"async\" class=\"swiper-slide-image\" src=\"https:\/\/domaine-effetmer.com\/wp-content\/uploads\/2019\/03\/kazalulu-768x512.jpg\" alt=\"kazalulu\" \/><\/figure><\/div>\t\t\t<\/div>\n\t\t\t\t\t\t\t\t\t\t\t\t<div class=\"elementor-swiper-button elementor-swiper-button-prev\" role=\"button\" tabindex=\"0\">\n\t\t\t\t\t\t<i aria-hidden=\"true\" class=\"eicon-chevron-left\"><\/i>\t\t\t\t\t<\/div>\n\t\t\t\t\t<div class=\"elementor-swiper-button elementor-swiper-button-next\" role=\"button\" tabindex=\"0\">\n\t\t\t\t\t\t<i aria-hidden=\"true\" class=\"eicon-chevron-right\"><\/i>\t\t\t\t\t<\/div>\n\t\t\t\t\n\t\t\t\t\t\t\t\t\t<div class=\"swiper-pagination\"><\/div>\n\t\t\t\t\t\t\t\t\t<\/div>\n\t\t\t\t<\/div>\n\t\t\t\t<\/div>\n\t\t\t\t\t<\/div>\n\t\t<\/div>\n\t\t\t\t\t\t\t<\/div>\n\t\t<\/section>\n\t\t\t\t<section class=\"elementor-section elementor-top-section elementor-element elementor-element-393efe6 elementor-section-boxed elementor-section-height-default elementor-section-height-default\" data-id=\"393efe6\" data-element_type=\"section\">\n\t\t\t\t\t\t<div class=\"elementor-container elementor-column-gap-default\">\n\t\t\t\t\t<div class=\"elementor-column elementor-col-100 elementor-top-column elementor-element elementor-element-e52145f\" data-id=\"e52145f\" data-element_type=\"column\">\n\t\t\t<div class=\"elementor-widget-wrap elementor-element-populated\">\n\t\t\t\t\t\t\t\t<div class=\"elementor-element elementor-element-60c4c74 elementor-align-center elementor-widget elementor-widget-button\" data-id=\"60c4c74\" data-element_type=\"widget\" data-widget_type=\"button.default\">\n\t\t\t\t<div class=\"elementor-widget-container\">\n\t\t\t\t\t<div class=\"elementor-button-wrapper\">\n\t\t\t<a class=\"elementor-button elementor-button-link elementor-size-lg\" href=\"https:\/\/domaine-effetmer.com\/index.php\/contact\/\">\n\t\t\t\t\t\t<span class=\"elementor-button-content-wrapper\">\n\t\t\t\t\t\t<span class=\"elementor-button-text\">Nous contacter<\/span>\n\t\t<\/span>\n\t\t\t\t\t<\/a>\n\t\t<\/div>\n\t\t\t\t<\/div>\n\t\t\t\t<\/div>\n\t\t\t\t\t<\/div>\n\t\t<\/div>\n\t\t\t\t\t\t\t<\/div>\n\t\t<\/section>\n\t\t\t\t\t\t\t<\/div>\n\t\t","protected":false},"excerpt":{"rendered":"<p>Charmant duplex attenant \u00e0 la maison, totalement ind\u00e9pendant. De la terrasse situ\u00e9e \u00e0 l&#8217;\u00e9tage, s\u00fbrement une des plus belle vue de Marie Galante. Au rez de jardin, une jolie case de 26m\u00b2; ses trois grands volets basculants ouvrent sur le jardin avec sa magnifique vue sur le lagon; une cuisine \u00e9quip\u00e9e (ustensiles de cuisine, vaisselle), <a class=\"read-more\" href=\"https:\/\/domaine-effetmer.com\/index.php\/nos-logements\/duplex-kaz-a-lulu\/\">READ MORE<\/a><\/p>\n","protected":false},"author":1,"featured_media":0,"parent":2,"menu_order":0,"comment_status":"closed","ping_status":"closed","template":"","meta":[],"_links":{"self":[{"href":"https:\/\/domaine-effetmer.com\/index.php\/wp-json\/wp\/v2\/pages\/52"}],"collection":[{"href":"https:\/\/domaine-effetmer.com\/index.php\/wp-json\/wp\/v2\/pages"}],"about":[{"href":"https:\/\/domaine-effetmer.com\/index.php\/wp-json\/wp\/v2\/types\/page"}],"author":[{"embeddable":true,"href":"https:\/\/domaine-effetmer.com\/index.php\/wp-json\/wp\/v2\/users\/1"}],"replies":[{"embeddable":true,"href":"https:\/\/domaine-effetmer.com\/index.php\/wp-json\/wp\/v2\/comments?post=52"}],"version-history":[{"count":28,"href":"https:\/\/domaine-effetmer.com\/index.php\/wp-json\/wp\/v2\/pages\/52\/revisions"}],"predecessor-version":[{"id":788,"href":"https:\/\/domaine-effetmer.com\/index.php\/wp-json\/wp\/v2\/pages\/52\/revisions\/788"}],"up":[{"embeddable":true,"href":"https:\/\/domaine-effetmer.com\/index.php\/wp-json\/wp\/v2\/pages\/2"}],"wp:attachment":[{"href":"https:\/\/domaine-effetmer.com\/index.php\/wp-json\/wp\/v2\/media?parent=52"}],"curies":[{"name":"wp","href":"https:\/\/api.w.org\/{rel}","templated":true}]}}