{"id":48,"date":"2018-05-15T09:35:00","date_gmt":"2018-05-15T07:35:00","guid":{"rendered":"http:\/\/domaine-effetmer.com\/?page_id=48"},"modified":"2023-05-19T13:58:16","modified_gmt":"2023-05-19T11:58:16","slug":"villa-kaz-a-bulle","status":"publish","type":"page","link":"https:\/\/domaine-effetmer.com\/index.php\/nos-logements\/villa-kaz-a-bulle\/","title":{"rendered":"Villa &#8211; Kaz a Bulle"},"content":{"rendered":"\t\t<div data-elementor-type=\"wp-post\" data-elementor-id=\"48\" class=\"elementor elementor-48\">\n\t\t\t\t\t\t\t\t\t<section class=\"elementor-section elementor-top-section elementor-element elementor-element-94ec473 elementor-section-boxed elementor-section-height-default elementor-section-height-default\" data-id=\"94ec473\" data-element_type=\"section\">\n\t\t\t\t\t\t<div class=\"elementor-container elementor-column-gap-default\">\n\t\t\t\t\t<div class=\"elementor-column elementor-col-100 elementor-top-column elementor-element elementor-element-7adb572\" data-id=\"7adb572\" data-element_type=\"column\">\n\t\t\t<div class=\"elementor-widget-wrap elementor-element-populated\">\n\t\t\t\t\t\t\t\t<div class=\"elementor-element elementor-element-813ac88 elementor-widget elementor-widget-text-editor\" data-id=\"813ac88\" data-element_type=\"widget\" data-widget_type=\"text-editor.default\">\n\t\t\t\t<div class=\"elementor-widget-container\">\n\t\t\t\t\t\t\t<div dir=\"ltr\"><p>Cette <strong>grande case<\/strong> en bois avec <strong>piscine<\/strong> et une <strong>fantastique vue mer<\/strong> se trouve sur le Domaine de l\u2019Effet mer, \u00e0 1 km de <strong>Capesterre de Marie Galante<\/strong> et de la <strong>belle plage de Feuill\u00e8re<\/strong>. 200 m\u00b2 pour votre confort et votre ind\u00e9pendance au milieu d\u2019un <strong>jardin exotique luxuriant<\/strong> :<\/p><ul><li><strong>S\u00e9jour<\/strong> en galerie avec grands canap\u00e9s et table basse <strong>face au lagon<\/strong><\/li><li><strong>Cuisine toute \u00e9quip\u00e9e<\/strong> ouverte sur sa belle terrasse pour vos repas, grande table et chaises, cellier<\/li><li><strong>Master bedroom<\/strong> : 1 lit en 180 + 1 lit en 90, moustiquaires, bureau, placard, dressing, climatisation, acc\u00e8s \u00e0 sa salle de douche avec patio : douche \u00e0 l&#8217;Italienne, lavabo double, toilettes, rangements<\/li><li><strong>Seconde chambre<\/strong> : vue mer, 1 lit en 160,+ 1 lit en 90, moustiquaires, climatisation, t\u00e9l\u00e9vision, Playstation, rangement, coin repos avec canap\u00e9, acc\u00e8s \u00e0 sa salle de douche : douche, lavabo,\u00a0 toilettes.<\/li><\/ul><h3 class=\"_6z3til\" style=\"text-align: center;\"><strong>La villa n&#8217;est pas assez grande ? <\/strong><\/h3><p class=\"_6z3til\">Vous pouvez louer<strong>\u00a0<\/strong><a href=\"http:\/\/domaine-effetmer.com\/index.php\/nos-logements\/gite-kaz-a-lulu\/\"><strong>la Kaz a Lulu<\/strong>\u00a0<\/a>et\/ou <a href=\"http:\/\/domaine-effetmer.com\/index.php\/nos-logements\/bungalow-kaz-a-math\/\"><strong>la Kaz a Math<\/strong>\u00a0<\/a>qui sont \u00e9galement sur le domaine de l&#8217;Effet Mer \u00e0 Marie Galante.<\/p><\/div>\t\t\t\t\t\t<\/div>\n\t\t\t\t<\/div>\n\t\t\t\t\t<\/div>\n\t\t<\/div>\n\t\t\t\t\t\t\t<\/div>\n\t\t<\/section>\n\t\t\t\t<section class=\"elementor-section elementor-top-section elementor-element elementor-element-cf0b1b0 elementor-section-boxed elementor-section-height-default elementor-section-height-default\" data-id=\"cf0b1b0\" data-element_type=\"section\">\n\t\t\t\t\t\t<div class=\"elementor-container elementor-column-gap-default\">\n\t\t\t\t\t<div class=\"elementor-column elementor-col-100 elementor-top-column elementor-element elementor-element-0ffa8cc\" data-id=\"0ffa8cc\" data-element_type=\"column\">\n\t\t\t<div class=\"elementor-widget-wrap elementor-element-populated\">\n\t\t\t\t\t\t\t\t<section class=\"elementor-section elementor-inner-section elementor-element elementor-element-e67f725 elementor-section-boxed elementor-section-height-default elementor-section-height-default\" data-id=\"e67f725\" data-element_type=\"section\">\n\t\t\t\t\t\t<div class=\"elementor-container elementor-column-gap-wider\">\n\t\t\t\t\t<div class=\"elementor-column elementor-col-25 elementor-inner-column elementor-element elementor-element-5bbf0fd\" data-id=\"5bbf0fd\" data-element_type=\"column\">\n\t\t\t<div class=\"elementor-widget-wrap elementor-element-populated\">\n\t\t\t\t\t\t\t\t<div class=\"elementor-element elementor-element-724fc59 elementor-view-stacked elementor-shape-circle elementor-position-top elementor-mobile-position-top elementor-widget elementor-widget-icon-box\" data-id=\"724fc59\" data-element_type=\"widget\" data-widget_type=\"icon-box.default\">\n\t\t\t\t<div class=\"elementor-widget-container\">\n\t\t\t\t\t<div class=\"elementor-icon-box-wrapper\">\n\t\t\t\t\t\t<div class=\"elementor-icon-box-icon\">\n\t\t\t\t<span class=\"elementor-icon elementor-animation-grow\" >\n\t\t\t\t<i class=\"fa fa-bed\" aria-hidden=\"true\"><\/i>\t\t\t\t<\/span>\n\t\t\t<\/div>\n\t\t\t\t\t\t<div class=\"elementor-icon-box-content\">\n\t\t\t\t<h3 class=\"elementor-icon-box-title\">\n\t\t\t\t\t<span  >\n\t\t\t\t\t\t<span style=\"font-family: Raleway, sans-serif; font-size: 26px; font-style: normal;\">Couchage<\/span>\t\t\t\t\t<\/span>\n\t\t\t\t<\/h3>\n\t\t\t\t\t\t\t\t\t<p class=\"elementor-icon-box-description\">\n\t\t\t\t\t\t<span style=\"font-family: Raleway, sans-serif; font-size: 16px; font-style: normal;\">Entr\u00e9e priv\u00e9e<\/span><span style=\"font-family: Raleway, sans-serif; font-size: 16px; font-style: normal;\"><\/span><br>6 personnes <br>2 lits double<br>2 lits simple <br>Lit b\u00e9b\u00e9 sur demande\t\t\t\t\t<\/p>\n\t\t\t\t\t\t\t<\/div>\n\t\t<\/div>\n\t\t\t\t<\/div>\n\t\t\t\t<\/div>\n\t\t\t\t\t<\/div>\n\t\t<\/div>\n\t\t\t\t<div class=\"elementor-column elementor-col-25 elementor-inner-column elementor-element elementor-element-3338fe3\" data-id=\"3338fe3\" data-element_type=\"column\">\n\t\t\t<div class=\"elementor-widget-wrap elementor-element-populated\">\n\t\t\t\t\t\t\t\t<div class=\"elementor-element elementor-element-acac85d elementor-view-stacked elementor-shape-circle elementor-position-top elementor-mobile-position-top elementor-widget elementor-widget-icon-box\" data-id=\"acac85d\" data-element_type=\"widget\" data-widget_type=\"icon-box.default\">\n\t\t\t\t<div class=\"elementor-widget-container\">\n\t\t\t\t\t<div class=\"elementor-icon-box-wrapper\">\n\t\t\t\t\t\t<div class=\"elementor-icon-box-icon\">\n\t\t\t\t<span class=\"elementor-icon elementor-animation-grow\" >\n\t\t\t\t<i class=\"fa fa-star\" aria-hidden=\"true\"><\/i>\t\t\t\t<\/span>\n\t\t\t<\/div>\n\t\t\t\t\t\t<div class=\"elementor-icon-box-content\">\n\t\t\t\t<h3 class=\"elementor-icon-box-title\">\n\t\t\t\t\t<span  >\n\t\t\t\t\t\tServices\t\t\t\t\t<\/span>\n\t\t\t\t<\/h3>\n\t\t\t\t\t\t\t\t\t<p class=\"elementor-icon-box-description\">\n\t\t\t\t\t\tDraps et linge de maison compris <br>\nMoustiquaires fournies pour chaque couchage\t\t\t\t\t<\/p>\n\t\t\t\t\t\t\t<\/div>\n\t\t<\/div>\n\t\t\t\t<\/div>\n\t\t\t\t<\/div>\n\t\t\t\t\t<\/div>\n\t\t<\/div>\n\t\t\t\t<div class=\"elementor-column elementor-col-25 elementor-inner-column elementor-element elementor-element-0e19192\" data-id=\"0e19192\" data-element_type=\"column\">\n\t\t\t<div class=\"elementor-widget-wrap elementor-element-populated\">\n\t\t\t\t\t\t\t\t<div class=\"elementor-element elementor-element-2ce7351 elementor-view-stacked elementor-shape-circle elementor-position-top elementor-mobile-position-top elementor-widget elementor-widget-icon-box\" data-id=\"2ce7351\" data-element_type=\"widget\" data-widget_type=\"icon-box.default\">\n\t\t\t\t<div class=\"elementor-widget-container\">\n\t\t\t\t\t<div class=\"elementor-icon-box-wrapper\">\n\t\t\t\t\t\t<div class=\"elementor-icon-box-icon\">\n\t\t\t\t<span class=\"elementor-icon elementor-animation-grow\" >\n\t\t\t\t<i class=\"fa fa-home\" aria-hidden=\"true\"><\/i>\t\t\t\t<\/span>\n\t\t\t<\/div>\n\t\t\t\t\t\t<div class=\"elementor-icon-box-content\">\n\t\t\t\t<h3 class=\"elementor-icon-box-title\">\n\t\t\t\t\t<span  >\n\t\t\t\t\t\tEquipement int\u00e9rieur\t\t\t\t\t<\/span>\n\t\t\t\t<\/h3>\n\t\t\t\t\t\t\t\t\t<p class=\"elementor-icon-box-description\">\n\t\t\t\t\t\tLave vaisselle<br>Lave linge<br>Cuisine \u00e9quip\u00e9e<br>Cafeti\u00e8re <br>Connexion Wifi<br>\nS\u00e8che-cheveux <br>\nClimatisation<br>\t\t\t\t\t<\/p>\n\t\t\t\t\t\t\t<\/div>\n\t\t<\/div>\n\t\t\t\t<\/div>\n\t\t\t\t<\/div>\n\t\t\t\t\t<\/div>\n\t\t<\/div>\n\t\t\t\t<div class=\"elementor-column elementor-col-25 elementor-inner-column elementor-element elementor-element-6d525c9\" data-id=\"6d525c9\" data-element_type=\"column\">\n\t\t\t<div class=\"elementor-widget-wrap elementor-element-populated\">\n\t\t\t\t\t\t\t\t<div class=\"elementor-element elementor-element-dc32cb3 elementor-view-stacked elementor-shape-circle elementor-position-top elementor-mobile-position-top elementor-widget elementor-widget-icon-box\" data-id=\"dc32cb3\" data-element_type=\"widget\" data-widget_type=\"icon-box.default\">\n\t\t\t\t<div class=\"elementor-widget-container\">\n\t\t\t\t\t<div class=\"elementor-icon-box-wrapper\">\n\t\t\t\t\t\t<div class=\"elementor-icon-box-icon\">\n\t\t\t\t<span class=\"elementor-icon elementor-animation-grow\" >\n\t\t\t\t<i class=\"fa fa-sun-o\" aria-hidden=\"true\"><\/i>\t\t\t\t<\/span>\n\t\t\t<\/div>\n\t\t\t\t\t\t<div class=\"elementor-icon-box-content\">\n\t\t\t\t<h3 class=\"elementor-icon-box-title\">\n\t\t\t\t\t<span  >\n\t\t\t\t\t\t<span style=\"font-family: Raleway, sans-serif; font-size: 26px; font-style: normal;\">Equipement ext\u00e9rieur<\/span>\t\t\t\t\t<\/span>\n\t\t\t\t<\/h3>\n\t\t\t\t\t\t\t\t\t<p class=\"elementor-icon-box-description\">\n\t\t\t\t\t\t<span style=\"font-family: Raleway, sans-serif; font-size: 16px; font-style: normal;\">Piscine <\/span><span style=\"font-family: Raleway, sans-serif; font-size: 16px; font-style: normal;\">s\u00e9curis\u00e9e<\/span><br><span style=\"font-family: Raleway, sans-serif; font-size: 16px; font-style: normal;\">Parking<\/span><br><span style=\"font-family: Raleway, sans-serif; font-size: 16px; font-style: normal;\">Barbecue <\/span><br><span style=\"font-family: Raleway, sans-serif; font-size: 16px; font-style: normal;\">\nSalon de jardin <\/span><br><span style=\"font-family: Raleway, sans-serif; font-size: 16px; font-style: normal;\">\nTerrasse <\/span><br><span style=\"font-family: Raleway, sans-serif; font-size: 16px; font-style: normal;\">\nMer : \u00e0 1 km <\/span><br><span style=\"font-family: Raleway, sans-serif; font-size: 16px; font-style: normal;\">\nEntr\u00e9e priv\u00e9e<\/span>\t\t\t\t\t<\/p>\n\t\t\t\t\t\t\t<\/div>\n\t\t<\/div>\n\t\t\t\t<\/div>\n\t\t\t\t<\/div>\n\t\t\t\t\t<\/div>\n\t\t<\/div>\n\t\t\t\t\t\t\t<\/div>\n\t\t<\/section>\n\t\t\t\t\t<\/div>\n\t\t<\/div>\n\t\t\t\t\t\t\t<\/div>\n\t\t<\/section>\n\t\t\t\t<section class=\"elementor-section elementor-top-section elementor-element elementor-element-891eda1 elementor-section-boxed elementor-section-height-default elementor-section-height-default\" data-id=\"891eda1\" data-element_type=\"section\">\n\t\t\t\t\t\t<div class=\"elementor-container elementor-column-gap-default\">\n\t\t\t\t\t<div class=\"elementor-column elementor-col-100 elementor-top-column elementor-element elementor-element-7478530\" data-id=\"7478530\" data-element_type=\"column\">\n\t\t\t<div class=\"elementor-widget-wrap elementor-element-populated\">\n\t\t\t\t\t\t\t\t<div class=\"elementor-element elementor-element-597bf8d elementor-arrows-position-inside elementor-pagination-position-outside elementor-widget elementor-widget-image-carousel\" data-id=\"597bf8d\" data-element_type=\"widget\" data-settings=\"{&quot;slides_to_show&quot;:&quot;1&quot;,&quot;navigation&quot;:&quot;both&quot;,&quot;autoplay&quot;:&quot;yes&quot;,&quot;pause_on_hover&quot;:&quot;yes&quot;,&quot;pause_on_interaction&quot;:&quot;yes&quot;,&quot;autoplay_speed&quot;:5000,&quot;infinite&quot;:&quot;yes&quot;,&quot;effect&quot;:&quot;slide&quot;,&quot;speed&quot;:500}\" data-widget_type=\"image-carousel.default\">\n\t\t\t\t<div class=\"elementor-widget-container\">\n\t\t\t\t\t<div class=\"elementor-image-carousel-wrapper swiper-container\" dir=\"ltr\">\n\t\t\t<div class=\"elementor-image-carousel swiper-wrapper\" aria-live=\"off\">\n\t\t\t\t\t\t\t\t<div class=\"swiper-slide\" role=\"group\" aria-roledescription=\"slide\" aria-label=\"1 of 31\"><figure class=\"swiper-slide-inner\"><img decoding=\"async\" class=\"swiper-slide-image\" src=\"https:\/\/domaine-effetmer.com\/wp-content\/uploads\/2023\/05\/villa57-768x1024.jpeg\" alt=\"villa57\" \/><\/figure><\/div><div class=\"swiper-slide\" role=\"group\" aria-roledescription=\"slide\" aria-label=\"2 of 31\"><figure class=\"swiper-slide-inner\"><img decoding=\"async\" class=\"swiper-slide-image\" src=\"https:\/\/domaine-effetmer.com\/wp-content\/uploads\/2023\/05\/villa2-768x912.jpeg\" alt=\"villa2\" \/><\/figure><\/div><div class=\"swiper-slide\" role=\"group\" aria-roledescription=\"slide\" aria-label=\"3 of 31\"><figure class=\"swiper-slide-inner\"><img decoding=\"async\" class=\"swiper-slide-image\" src=\"https:\/\/domaine-effetmer.com\/wp-content\/uploads\/2023\/05\/villa16-768x1024.jpeg\" alt=\"villa16\" \/><\/figure><\/div><div class=\"swiper-slide\" role=\"group\" aria-roledescription=\"slide\" aria-label=\"4 of 31\"><figure class=\"swiper-slide-inner\"><img decoding=\"async\" class=\"swiper-slide-image\" src=\"https:\/\/domaine-effetmer.com\/wp-content\/uploads\/2023\/05\/villa15-768x1024.jpeg\" alt=\"villa15\" \/><\/figure><\/div><div class=\"swiper-slide\" role=\"group\" aria-roledescription=\"slide\" aria-label=\"5 of 31\"><figure class=\"swiper-slide-inner\"><img decoding=\"async\" class=\"swiper-slide-image\" src=\"https:\/\/domaine-effetmer.com\/wp-content\/uploads\/2023\/05\/villa24-768x950.jpeg\" alt=\"villa24\" \/><\/figure><\/div><div class=\"swiper-slide\" role=\"group\" aria-roledescription=\"slide\" aria-label=\"6 of 31\"><figure class=\"swiper-slide-inner\"><img decoding=\"async\" class=\"swiper-slide-image\" src=\"https:\/\/domaine-effetmer.com\/wp-content\/uploads\/2023\/05\/unnamed-768x1031.jpeg\" alt=\"unnamed\" \/><\/figure><\/div><div class=\"swiper-slide\" role=\"group\" aria-roledescription=\"slide\" aria-label=\"7 of 31\"><figure class=\"swiper-slide-inner\"><img decoding=\"async\" class=\"swiper-slide-image\" src=\"https:\/\/domaine-effetmer.com\/wp-content\/uploads\/2023\/05\/villa-768x1125.jpeg\" alt=\"villa\" \/><\/figure><\/div><div class=\"swiper-slide\" role=\"group\" aria-roledescription=\"slide\" aria-label=\"8 of 31\"><figure class=\"swiper-slide-inner\"><img decoding=\"async\" class=\"swiper-slide-image\" src=\"https:\/\/domaine-effetmer.com\/wp-content\/uploads\/2023\/05\/villa10-768x1024.jpeg\" alt=\"villa10\" \/><\/figure><\/div><div class=\"swiper-slide\" role=\"group\" aria-roledescription=\"slide\" aria-label=\"9 of 31\"><figure class=\"swiper-slide-inner\"><img decoding=\"async\" class=\"swiper-slide-image\" src=\"https:\/\/domaine-effetmer.com\/wp-content\/uploads\/2023\/05\/villa12-768x1015.jpeg\" alt=\"villa12\" \/><\/figure><\/div><div class=\"swiper-slide\" role=\"group\" aria-roledescription=\"slide\" aria-label=\"10 of 31\"><figure class=\"swiper-slide-inner\"><img decoding=\"async\" class=\"swiper-slide-image\" src=\"https:\/\/domaine-effetmer.com\/wp-content\/uploads\/2023\/05\/villa28-768x1024.jpeg\" alt=\"villa28\" \/><\/figure><\/div><div class=\"swiper-slide\" role=\"group\" aria-roledescription=\"slide\" aria-label=\"11 of 31\"><figure class=\"swiper-slide-inner\"><img decoding=\"async\" class=\"swiper-slide-image\" src=\"https:\/\/domaine-effetmer.com\/wp-content\/uploads\/2023\/05\/villa27-768x1211.jpeg\" alt=\"villa27\" \/><\/figure><\/div><div class=\"swiper-slide\" role=\"group\" aria-roledescription=\"slide\" aria-label=\"12 of 31\"><figure class=\"swiper-slide-inner\"><img decoding=\"async\" class=\"swiper-slide-image\" src=\"https:\/\/domaine-effetmer.com\/wp-content\/uploads\/2023\/05\/villa29-768x1133.jpeg\" alt=\"villa29\" \/><\/figure><\/div><div class=\"swiper-slide\" role=\"group\" aria-roledescription=\"slide\" aria-label=\"13 of 31\"><figure class=\"swiper-slide-inner\"><img decoding=\"async\" class=\"swiper-slide-image\" src=\"https:\/\/domaine-effetmer.com\/wp-content\/uploads\/2023\/05\/villa11-768x1098.jpeg\" alt=\"villa11\" \/><\/figure><\/div><div class=\"swiper-slide\" role=\"group\" aria-roledescription=\"slide\" aria-label=\"14 of 31\"><figure class=\"swiper-slide-inner\"><img decoding=\"async\" class=\"swiper-slide-image\" src=\"https:\/\/domaine-effetmer.com\/wp-content\/uploads\/2023\/05\/villa26-768x1023.jpeg\" alt=\"villa26\" \/><\/figure><\/div><div class=\"swiper-slide\" role=\"group\" aria-roledescription=\"slide\" aria-label=\"15 of 31\"><figure class=\"swiper-slide-inner\"><img decoding=\"async\" class=\"swiper-slide-image\" src=\"https:\/\/domaine-effetmer.com\/wp-content\/uploads\/2023\/05\/villa13-768x1024.jpeg\" alt=\"villa13\" \/><\/figure><\/div><div class=\"swiper-slide\" role=\"group\" aria-roledescription=\"slide\" aria-label=\"16 of 31\"><figure class=\"swiper-slide-inner\"><img decoding=\"async\" class=\"swiper-slide-image\" src=\"https:\/\/domaine-effetmer.com\/wp-content\/uploads\/2023\/05\/villa14-768x1024.jpeg\" alt=\"villa14\" \/><\/figure><\/div><div class=\"swiper-slide\" role=\"group\" aria-roledescription=\"slide\" aria-label=\"17 of 31\"><figure class=\"swiper-slide-inner\"><img decoding=\"async\" class=\"swiper-slide-image\" src=\"https:\/\/domaine-effetmer.com\/wp-content\/uploads\/2023\/05\/villa17-768x1024.jpeg\" alt=\"villa17\" \/><\/figure><\/div><div class=\"swiper-slide\" role=\"group\" aria-roledescription=\"slide\" aria-label=\"18 of 31\"><figure class=\"swiper-slide-inner\"><img decoding=\"async\" class=\"swiper-slide-image\" src=\"https:\/\/domaine-effetmer.com\/wp-content\/uploads\/2023\/05\/villa19-768x1024.jpeg\" alt=\"villa19\" \/><\/figure><\/div><div class=\"swiper-slide\" role=\"group\" aria-roledescription=\"slide\" aria-label=\"19 of 31\"><figure class=\"swiper-slide-inner\"><img decoding=\"async\" class=\"swiper-slide-image\" src=\"https:\/\/domaine-effetmer.com\/wp-content\/uploads\/2023\/05\/villa23-768x1113.jpeg\" alt=\"villa23\" \/><\/figure><\/div><div class=\"swiper-slide\" role=\"group\" aria-roledescription=\"slide\" aria-label=\"20 of 31\"><figure class=\"swiper-slide-inner\"><img decoding=\"async\" class=\"swiper-slide-image\" src=\"https:\/\/domaine-effetmer.com\/wp-content\/uploads\/2023\/05\/villa18-768x883.jpeg\" alt=\"villa18\" \/><\/figure><\/div><div class=\"swiper-slide\" role=\"group\" aria-roledescription=\"slide\" aria-label=\"21 of 31\"><figure class=\"swiper-slide-inner\"><img decoding=\"async\" class=\"swiper-slide-image\" src=\"https:\/\/domaine-effetmer.com\/wp-content\/uploads\/2023\/05\/villa30-768x1023.jpeg\" alt=\"villa30\" \/><\/figure><\/div><div class=\"swiper-slide\" role=\"group\" aria-roledescription=\"slide\" aria-label=\"22 of 31\"><figure class=\"swiper-slide-inner\"><img decoding=\"async\" class=\"swiper-slide-image\" src=\"https:\/\/domaine-effetmer.com\/wp-content\/uploads\/2023\/05\/villa31-768x1203.jpeg\" alt=\"villa31\" \/><\/figure><\/div><div class=\"swiper-slide\" role=\"group\" aria-roledescription=\"slide\" aria-label=\"23 of 31\"><figure class=\"swiper-slide-inner\"><img decoding=\"async\" class=\"swiper-slide-image\" src=\"https:\/\/domaine-effetmer.com\/wp-content\/uploads\/2023\/05\/villa33-768x1024.jpeg\" alt=\"villa33\" \/><\/figure><\/div><div class=\"swiper-slide\" role=\"group\" aria-roledescription=\"slide\" aria-label=\"24 of 31\"><figure class=\"swiper-slide-inner\"><img decoding=\"async\" class=\"swiper-slide-image\" src=\"https:\/\/domaine-effetmer.com\/wp-content\/uploads\/2023\/05\/villa34-768x1024.jpeg\" alt=\"villa34\" \/><\/figure><\/div><div class=\"swiper-slide\" role=\"group\" aria-roledescription=\"slide\" aria-label=\"25 of 31\"><figure class=\"swiper-slide-inner\"><img decoding=\"async\" class=\"swiper-slide-image\" src=\"https:\/\/domaine-effetmer.com\/wp-content\/uploads\/2023\/05\/villa36-768x1024.jpeg\" alt=\"villa36\" \/><\/figure><\/div><div class=\"swiper-slide\" role=\"group\" aria-roledescription=\"slide\" aria-label=\"26 of 31\"><figure class=\"swiper-slide-inner\"><img decoding=\"async\" class=\"swiper-slide-image\" src=\"https:\/\/domaine-effetmer.com\/wp-content\/uploads\/2023\/05\/villa40-768x997.jpeg\" alt=\"villa40\" \/><\/figure><\/div><div class=\"swiper-slide\" role=\"group\" aria-roledescription=\"slide\" aria-label=\"27 of 31\"><figure class=\"swiper-slide-inner\"><img decoding=\"async\" class=\"swiper-slide-image\" src=\"https:\/\/domaine-effetmer.com\/wp-content\/uploads\/2023\/05\/villa41-768x1024.jpeg\" alt=\"villa41\" \/><\/figure><\/div><div class=\"swiper-slide\" role=\"group\" aria-roledescription=\"slide\" aria-label=\"28 of 31\"><figure class=\"swiper-slide-inner\"><img decoding=\"async\" class=\"swiper-slide-image\" src=\"https:\/\/domaine-effetmer.com\/wp-content\/uploads\/2023\/05\/villa42-768x805.jpeg\" alt=\"villa42\" \/><\/figure><\/div><div class=\"swiper-slide\" role=\"group\" aria-roledescription=\"slide\" aria-label=\"29 of 31\"><figure class=\"swiper-slide-inner\"><img decoding=\"async\" class=\"swiper-slide-image\" src=\"https:\/\/domaine-effetmer.com\/wp-content\/uploads\/2023\/05\/villa55-768x1024.jpeg\" alt=\"villa55\" \/><\/figure><\/div><div class=\"swiper-slide\" role=\"group\" aria-roledescription=\"slide\" aria-label=\"30 of 31\"><figure class=\"swiper-slide-inner\"><img decoding=\"async\" class=\"swiper-slide-image\" src=\"https:\/\/domaine-effetmer.com\/wp-content\/uploads\/2023\/05\/villa32-768x1024.jpeg\" alt=\"villa32\" \/><\/figure><\/div><div class=\"swiper-slide\" role=\"group\" aria-roledescription=\"slide\" aria-label=\"31 of 31\"><figure class=\"swiper-slide-inner\"><img decoding=\"async\" class=\"swiper-slide-image\" src=\"https:\/\/domaine-effetmer.com\/wp-content\/uploads\/2023\/05\/villa56-768x1157.jpeg\" alt=\"villa56\" \/><\/figure><\/div>\t\t\t<\/div>\n\t\t\t\t\t\t\t\t\t\t\t\t<div class=\"elementor-swiper-button elementor-swiper-button-prev\" role=\"button\" tabindex=\"0\">\n\t\t\t\t\t\t<i aria-hidden=\"true\" class=\"eicon-chevron-left\"><\/i>\t\t\t\t\t<\/div>\n\t\t\t\t\t<div class=\"elementor-swiper-button elementor-swiper-button-next\" role=\"button\" tabindex=\"0\">\n\t\t\t\t\t\t<i aria-hidden=\"true\" class=\"eicon-chevron-right\"><\/i>\t\t\t\t\t<\/div>\n\t\t\t\t\n\t\t\t\t\t\t\t\t\t<div class=\"swiper-pagination\"><\/div>\n\t\t\t\t\t\t\t\t\t<\/div>\n\t\t\t\t<\/div>\n\t\t\t\t<\/div>\n\t\t\t\t\t<\/div>\n\t\t<\/div>\n\t\t\t\t\t\t\t<\/div>\n\t\t<\/section>\n\t\t\t\t<section class=\"elementor-section elementor-top-section elementor-element elementor-element-5f91da5 elementor-section-boxed elementor-section-height-default elementor-section-height-default\" data-id=\"5f91da5\" data-element_type=\"section\">\n\t\t\t\t\t\t<div class=\"elementor-container elementor-column-gap-default\">\n\t\t\t\t\t<div class=\"elementor-column elementor-col-100 elementor-top-column elementor-element elementor-element-c896301\" data-id=\"c896301\" data-element_type=\"column\">\n\t\t\t<div class=\"elementor-widget-wrap elementor-element-populated\">\n\t\t\t\t\t\t\t\t<div class=\"elementor-element elementor-element-832c39d elementor-align-center elementor-widget elementor-widget-button\" data-id=\"832c39d\" data-element_type=\"widget\" data-widget_type=\"button.default\">\n\t\t\t\t<div class=\"elementor-widget-container\">\n\t\t\t\t\t<div class=\"elementor-button-wrapper\">\n\t\t\t<a class=\"elementor-button elementor-button-link elementor-size-lg\" href=\"http:\/\/domaine-effetmer.com\/index.php\/contact\/\">\n\t\t\t\t\t\t<span class=\"elementor-button-content-wrapper\">\n\t\t\t\t\t\t<span class=\"elementor-button-text\">Nous contacter<\/span>\n\t\t<\/span>\n\t\t\t\t\t<\/a>\n\t\t<\/div>\n\t\t\t\t<\/div>\n\t\t\t\t<\/div>\n\t\t\t\t\t<\/div>\n\t\t<\/div>\n\t\t\t\t\t\t\t<\/div>\n\t\t<\/section>\n\t\t\t\t\t\t\t<\/div>\n\t\t","protected":false},"excerpt":{"rendered":"<p>Cette grande case en bois avec piscine et une fantastique vue mer se trouve sur le Domaine de l\u2019Effet mer, \u00e0 1 km de Capesterre de Marie Galante et de la belle plage de Feuill\u00e8re. 200 m\u00b2 pour votre confort et votre ind\u00e9pendance au milieu d\u2019un jardin exotique luxuriant : S\u00e9jour en galerie avec grands <a class=\"read-more\" href=\"https:\/\/domaine-effetmer.com\/index.php\/nos-logements\/villa-kaz-a-bulle\/\">READ MORE<\/a><\/p>\n","protected":false},"author":1,"featured_media":0,"parent":2,"menu_order":0,"comment_status":"closed","ping_status":"closed","template":"","meta":[],"_links":{"self":[{"href":"https:\/\/domaine-effetmer.com\/index.php\/wp-json\/wp\/v2\/pages\/48"}],"collection":[{"href":"https:\/\/domaine-effetmer.com\/index.php\/wp-json\/wp\/v2\/pages"}],"about":[{"href":"https:\/\/domaine-effetmer.com\/index.php\/wp-json\/wp\/v2\/types\/page"}],"author":[{"embeddable":true,"href":"https:\/\/domaine-effetmer.com\/index.php\/wp-json\/wp\/v2\/users\/1"}],"replies":[{"embeddable":true,"href":"https:\/\/domaine-effetmer.com\/index.php\/wp-json\/wp\/v2\/comments?post=48"}],"version-history":[{"count":33,"href":"https:\/\/domaine-effetmer.com\/index.php\/wp-json\/wp\/v2\/pages\/48\/revisions"}],"predecessor-version":[{"id":755,"href":"https:\/\/domaine-effetmer.com\/index.php\/wp-json\/wp\/v2\/pages\/48\/revisions\/755"}],"up":[{"embeddable":true,"href":"https:\/\/domaine-effetmer.com\/index.php\/wp-json\/wp\/v2\/pages\/2"}],"wp:attachment":[{"href":"https:\/\/domaine-effetmer.com\/index.php\/wp-json\/wp\/v2\/media?parent=48"}],"curies":[{"name":"wp","href":"https:\/\/api.w.org\/{rel}","templated":true}]}}